{"id":88,"date":"2025-11-02T09:11:07","date_gmt":"2025-11-02T08:11:07","guid":{"rendered":"https:\/\/avbox.ch\/cms\/?page_id=88"},"modified":"2026-01-24T20:32:48","modified_gmt":"2026-01-24T19:32:48","slug":"faqs-deutsch","status":"publish","type":"page","link":"https:\/\/avbox.ch\/cms\/faqs-deutsch\/","title":{"rendered":"FAQs (Deutsch)"},"content":{"rendered":"<h1>Fragen und Antworten<\/h1>\n<h4>Was ist die AV-Box?<\/h4>\n<p>Die AV-Box ist ein Audio- und Video-Management-System, welches aus einer Hardware-Box (ArchivistaBox) sowie der entsprechenden Software (ArchivistaDMS) besteht.<\/p>\n<h4>F\u00fcr wen eignet sich die AV-Box?<\/h4>\n<p>Die AV-Box eignet sich f\u00fcr ambitionierte Privat-Filmsammlungen, Filemacher\/innen wie Filmverleiher\/innen, Videotheken wie auch f\u00fcr Sammlungen der \u00f6ffentlchen Hand, seien dies Bibliotheken oder Schulen bzw. Hochschulen.<\/p>\n<h4>Welches Volumen deckt die AV-Box ab?<\/h4>\n<p>Auf einer AV-Box lassen sich je nach Ausbaustufe zwischen 20&#8217;000 und 500&#8217;000 Stunden Film in HD-Qualit\u00e4t speichern. Dies Volumen kann durch mehrere Boxen (Cluster) auf eine beinahe beliebige Anzahl erweitern.<\/p>\n<h4>Welches ist die gr\u00f6sste AV-Box L\u00f6sung?<\/h4>\n<p>Aktuell gibt es eine Filmsammlung mit \u00fcber 80&#8217;000 Titeln (\u00fcber 91&#8217;500 Stunden), die in etwas 40 TByte ben\u00f6tigt.<\/p>\n<h4>Warum ist die AV-Box zu diesem Preis erh\u00e4ltlich?<\/h4>\n<p>Bisherige Profi-L\u00f6sungen (zumindest im deutschsprachigen Raum) waren bzw. sind in der Entstehungsgeschichte und im Unterhalt teuer, weil sie zu stark individualisiert wurden bzw. noch immer werden. Die AV-Box entstammt der ArchivistaBox. Diese wird als DMS-L\u00f6sung (Dokumenten Management System) als Standard-System entwickelt. Seite 2005 kommen dabei ausschliesslich Open Source und Linux zum Einsatz. Als Schweizer L\u00f6sung lernte die ArchivistaBox fr\u00fch, dass Automatisierung die einzige Antwort auf die hohen Entwicklungskosten der Schweiz ist. So l\u00e4uft z.B. das gesamte Setup der AV-Box automatisiert ab und alle Komponenten (Software) laufen im Hauptspeicher. In diesem Sinne bilden die Preise der AV-Box die jahrzehntelange Erfahrung in der Softwareentwicklung und die wegweisende Automatisierung ab.<\/p>\n<h4>Gibt es die AV-Box auch ohne die Hardware?<\/h4>\n<p>Die Kombination von Hard- und Software bietet viele Vorteile, weil alle Komponenten optimal aufeinander abgestimmt sind. Wer &#8222;nur&#8220; die Software der AV-Box erwerben m\u00f6chte, kann auch nur diese \u00fcber den Web-Shop auf <strong><a href=\"https:\/\/archivista.ch\/cms\/de\/bestellen\/\" target=\"_blank\" rel=\"noopener\">archivista.ch<\/a><\/strong> erwerben.<\/p>\n<h4>Reicht f\u00fcr ein Filmarchiv nicht auch Plex oder Jellyfin?<\/h4>\n<p>Die aktuell erh\u00e4ltlichen Produkte f\u00fcr den Consumer-Markt sind dort stark, wo es um die Pr\u00e4sentation der Inhalte geht. Sie leiden aber alle an der Problematik, dass sie dateibasiert arbeiten. Die Sammlungen werden \u00fcber Verzeichnisse und Dateien realisiert. Ab einer gewissen Gr\u00f6sse ist diese Konzept zum Scheitern verurteilt. Eine langfristige digitale Filmsammlung ben\u00f6tigt zwingend eine Datenbank, Redundanzen und auch Verifizierungen der Inhalte. Diese Punkte bieten die g\u00e4ngigen L\u00f6sungen nicht an.<\/p>\n<h4>Wie steht es mit dem Support?<\/h4>\n<p>Im Preis der AV-Box ist je nach Gr\u00f6sse ein halber Tag (Redundanz auf Stufe Festplatte) oder ein Tag (Redundanz auf Stufe Hardware) enthalten. Mit dem Erwerb der AV-Box ist zudem der Wartungsvertrag f\u00fcr das erste Jahr enthalten. Alle Informationen zum Wartungsvertrag finden sich unter <strong><a href=\"https:\/\/archivista.ch\/cms\/de\/support\/\" target=\"_blank\" rel=\"noopener\">https:\/\/archivista.ch\/cms\/de\/support\/<\/a><\/strong><\/p>\n<h4>Wo wird die AV-Box entwickelt?<\/h4>\n<p>Die AV-Box wird seit 1998 in der Schweiz entwickelt, seit dem Jahre 2010 im \u00fcbrigen ausschliesslich.<\/p>\n<h4>Kann die AV-Box erweitert werden?<\/h4>\n<p>Zun\u00e4chst einmal l\u00e4sst sich die AV-Box \u00fcber ein Modul dahingehend erweitert, dass das Web-Interface \u00fcber HTTP-Aufrufe komplett automatisiert werden kann. Sollte dies nicht ausreichen, so kann die AV-Box auch an spezifische Anforderungen angepasst werden.<\/p>\n<h4>K\u00f6nnen bisherige Best\u00e4nde \u00fcbernommen werden?<\/h4>\n<p>Die AV-Box verf\u00fcgt \u00fcber umfangreiche M\u00f6glichkeiten, um Inhalte automatisiert zu erschliessen und zu beschlagworten. Am einfachsten und effizientesten ist der Import \u00fcber die IMDb-Nummer. Sollten Sie sich den Prozess nicht zutrauen, so erstellen wir Ihnen gerne kostenfrei eine verbindliche Offerte.<\/p>\n<h4>K\u00f6nnen Datentr\u00e4ger wie DVD, VHS und\/oder BlueRay integriert werden?<\/h4>\n<p>Eine digitale Filmsammlung lebt davon, dass die Inhalte digital vorliegen. Der Gesch\u00e4ftsf\u00fchrer hat in den vergangenen Jahren Tausende von DVDs und eine hohe Zahl von VHS-Kassetten wie BlueRays ins Format MP4 umgewandelt und in sein Privatarchiv importiert. S\u00e4mtliche Tools dazu befinden sich auf jeder ArchivistaBox. Als Faustregel gilt, richtig aufgegleist, lassen sich pro Person und Tag ca. 50 bis 100 DVDs digitalisieren. Das mag nach wenig erscheinen, pro Monat (20 Arbeitstage) ergibt dies aber immerhin 1&#8217;000 bis 2&#8217;000 Datentr\u00e4ger. Auf Wunsch k\u00f6nne wir diesen Prozess gerne auch f\u00fcr Sie \u00fcbernehmen oder Sie dabei begleiten.<\/p>\n<h4>Wie vereinbare ich eine Demo?<\/h4>\n<p>Sie k\u00f6nnen jederzeit via Telefon unter +41 44 350 05 60 oder mit einer Mail an webamster@archivista.ch einen Demo-Termin vereinbaren. Ganz Eilige d\u00fcrfen auch die Nummer +41 79 227 49 50 w\u00e4hlen, ganz wie es beliebt.<\/p>\n<h4>Geht es auch ohne Demo?<\/h4>\n<p>Ja, selbstverst\u00e4ndlich, Sie k\u00f6nnen die ArchivistaBox AGPLv3 unter <strong><a href=\"https:\/\/archivista.ch\/cms\/agplv3\" target=\"_blank\" rel=\"noopener\">https:\/\/archivista.ch\/cms\/agplv3<\/a><\/strong> (Passwort 2013) beziehen und selber aufsetzen (geht absolut easy). Diese L\u00f6sung ist auf 4 Concurrent-User und 20&#8217;000 Dokumente (Filme) limitier. F\u00fcr einen &#8222;unverbindlichen&#8220; Test sollte dies reichen, oder? Falls Sie nach einer Anleitung suchen, wie ein Median-Archiv mit der AVBox aufgebaut werden kann, so gibt es dazu eine Anleitung z.B. bei <strong><a href=\"https:\/\/gnulinux.ch\/filmarchiv-mit-der-archivistabox\" target=\"_blank\" rel=\"noopener\">gnulinux.ch.<\/a><\/strong> Beachten Sie dabei einfach, dass eine solchen Anleitung keine professionelle Beratung und Implementierung ersetzen sollte.<\/p>\n","protected":false},"excerpt":{"rendered":"<p>Fragen und Antworten Was ist die AV-Box? Die AV-Box ist ein Audio- und Video-Management-System, welches aus einer Hardware-Box (ArchivistaBox) sowie [&hellip;]<\/p>\n","protected":false},"author":1,"featured_media":0,"parent":0,"menu_order":0,"comment_status":"closed","ping_status":"closed","template":"","meta":{"site-sidebar-layout":"right-sidebar","site-content-layout":"","ast-site-content-layout":"default","site-content-style":"default","site-sidebar-style":"default","ast-global-header-display":"","ast-banner-title-visibility":"","ast-main-header-display":"","ast-hfb-above-header-display":"","ast-hfb-below-header-display":"","ast-hfb-mobile-header-display":"","site-post-title":"","ast-breadcrumbs-content":"","ast-featured-img":"","footer-sml-layout":"","theme-transparent-header-meta":"default","adv-header-id-meta":"","stick-header-meta":"","header-above-stick-meta":"","header-main-stick-meta":"","header-below-stick-meta":"","astra-migrate-meta-layouts":"set","ast-page-background-enabled":"default","ast-page-background-meta":{"desktop":{"background-color":"var(--ast-global-color-5)","background-image":"","background-repeat":"repeat","background-position":"center center","background-size":"auto","background-attachment":"scroll","background-type":"","background-media":"","overlay-type":"","overlay-color":"","overlay-opacity":"","overlay-gradient":""},"tablet":{"background-color":"","background-image":"","background-repeat":"repeat","background-position":"center center","background-size":"auto","background-attachment":"scroll","background-type":"","background-media":"","overlay-type":"","overlay-color":"","overlay-opacity":"","overlay-gradient":""},"mobile":{"background-color":"","background-image":"","background-repeat":"repeat","background-position":"center center","background-size":"auto","background-attachment":"scroll","background-type":"","background-media":"","overlay-type":"","overlay-color":"","overlay-opacity":"","overlay-gradient":""}},"ast-content-background-meta":{"desktop":{"background-color":"var(--ast-global-color-4)","background-image":"","background-repeat":"repeat","background-position":"center center","background-size":"auto","background-attachment":"scroll","background-type":"","background-media":"","overlay-type":"","overlay-color":"","overlay-opacity":"","overlay-gradient":""},"tablet":{"background-color":"var(--ast-global-color-4)","background-image":"","background-repeat":"repeat","background-position":"center center","background-size":"auto","background-attachment":"scroll","background-type":"","background-media":"","overlay-type":"","overlay-color":"","overlay-opacity":"","overlay-gradient":""},"mobile":{"background-color":"var(--ast-global-color-4)","background-image":"","background-repeat":"repeat","background-position":"center center","background-size":"auto","background-attachment":"scroll","background-type":"","background-media":"","overlay-type":"","overlay-color":"","overlay-opacity":"","overlay-gradient":""}},"footnotes":""},"class_list":["post-88","page","type-page","status-publish","hentry"],"_links":{"self":[{"href":"https:\/\/avbox.ch\/cms\/wp-json\/wp\/v2\/pages\/88","targetHints":{"allow":["GET"]}}],"collection":[{"href":"https:\/\/avbox.ch\/cms\/wp-json\/wp\/v2\/pages"}],"about":[{"href":"https:\/\/avbox.ch\/cms\/wp-json\/wp\/v2\/types\/page"}],"author":[{"embeddable":true,"href":"https:\/\/avbox.ch\/cms\/wp-json\/wp\/v2\/users\/1"}],"replies":[{"embeddable":true,"href":"https:\/\/avbox.ch\/cms\/wp-json\/wp\/v2\/comments?post=88"}],"version-history":[{"count":20,"href":"https:\/\/avbox.ch\/cms\/wp-json\/wp\/v2\/pages\/88\/revisions"}],"predecessor-version":[{"id":163,"href":"https:\/\/avbox.ch\/cms\/wp-json\/wp\/v2\/pages\/88\/revisions\/163"}],"wp:attachment":[{"href":"https:\/\/avbox.ch\/cms\/wp-json\/wp\/v2\/media?parent=88"}],"curies":[{"name":"wp","href":"https:\/\/api.w.org\/{rel}","templated":true}]}}